{"id":1293,"date":"2025-02-04T17:53:22","date_gmt":"2025-02-04T17:53:22","guid":{"rendered":"https:\/\/oceanicartagena.com\/?page_id=1293"},"modified":"2025-02-04T21:42:53","modified_gmt":"2025-02-04T21:42:53","slug":"aviso-de-privacidad-y-politicas-de-tratamiento-de-datos","status":"publish","type":"page","link":"https:\/\/oceanicartagena.com\/en\/aviso-de-privacidad-y-politicas-de-tratamiento-de-datos\/","title":{"rendered":"Notice of privacy policies and data processing"},"content":{"rendered":"<div data-elementor-type=\"wp-page\" data-elementor-id=\"1293\" class=\"elementor elementor-1293\" data-elementor-post-type=\"page\">\n\t\t\t\t\t\t<section class=\"elementor-section elementor-top-section elementor-element elementor-element-e6aaaed elementor-section-full_width elementor-section-height-min-height elementor-section-height-default elementor-section-items-middle\" data-id=\"e6aaaed\" data-element_type=\"section\">\n\t\t\t\t\t\t<div class=\"elementor-container elementor-column-gap-default\">\n\t\t\t\t\t<div class=\"elementor-column elementor-col-100 elementor-top-column elementor-element elementor-element-5627638\" data-id=\"5627638\" data-element_type=\"column\">\n\t\t\t<div class=\"elementor-widget-wrap elementor-element-populated\">\n\t\t\t\t\t\t<div class=\"elementor-element elementor-element-ec4b0c8 elementor-widget elementor-widget-heading\" data-id=\"ec4b0c8\" data-element_type=\"widget\" data-widget_type=\"heading.default\">\n\t\t\t\t<div class=\"elementor-widget-container\">\n\t\t\t\t\t<h2 class=\"elementor-heading-title elementor-size-default\">Notice of privacy policies and data processing<\/h2>\t\t\t\t<\/div>\n\t\t\t\t<\/div>\n\t\t\t\t<div class=\"elementor-element elementor-element-c152908 elementor-widget elementor-widget-text-editor\" data-id=\"c152908\" data-element_type=\"widget\" data-widget_type=\"text-editor.default\">\n\t\t\t\t<div class=\"elementor-widget-container\">\n\t\t\t\t\t\t\t\t\t<p>Thank you for your interest in our products and services. In IngeSaenz Developer, we take seriously the protection of your privacy. This notice describes how we collect, use and protect your personal information.<\/p>\t\t\t\t\t\t\t\t<\/div>\n\t\t\t\t<\/div>\n\t\t\t\t<div class=\"elementor-element elementor-element-ac65017 elementor-widget elementor-widget-heading\" data-id=\"ac65017\" data-element_type=\"widget\" data-widget_type=\"heading.default\">\n\t\t\t\t<div class=\"elementor-widget-container\">\n\t\t\t\t\t<h3 class=\"elementor-heading-title elementor-size-default\">Collection and Use of Personal Information<\/h3>\t\t\t\t<\/div>\n\t\t\t\t<\/div>\n\t\t\t\t<div class=\"elementor-element elementor-element-9202ac4 elementor-widget elementor-widget-text-editor\" data-id=\"9202ac4\" data-element_type=\"widget\" data-widget_type=\"text-editor.default\">\n\t\t\t\t<div class=\"elementor-widget-container\">\n\t\t\t\t\t\t\t\t\t<p>By providing your personal data to IngeSaenz Developer, you agree that we may store and process this information for the following purposes:<\/p><ul><li aria-level=\"1\">Manage your account and provide the products and services you requested.<\/li><li aria-level=\"1\">Send you communications related to our products, services and news that may be of your interest.<\/li><li aria-level=\"1\">To improve our products and services, as well as customize your user experience.<\/li><\/ul>\t\t\t\t\t\t\t\t<\/div>\n\t\t\t\t<\/div>\n\t\t\t\t<div class=\"elementor-element elementor-element-70b8334 elementor-widget elementor-widget-heading\" data-id=\"70b8334\" data-element_type=\"widget\" data-widget_type=\"heading.default\">\n\t\t\t\t<div class=\"elementor-widget-container\">\n\t\t\t\t\t<h3 class=\"elementor-heading-title elementor-size-default\">Disclosure to Third parties<\/h3>\t\t\t\t<\/div>\n\t\t\t\t<\/div>\n\t\t\t\t<div class=\"elementor-element elementor-element-94f4f89 elementor-widget elementor-widget-text-editor\" data-id=\"94f4f89\" data-element_type=\"widget\" data-widget_type=\"text-editor.default\">\n\t\t\t\t<div class=\"elementor-widget-container\">\n\t\t\t\t\t\t\t\t\t<p>We do not share your personal data with third parties without your express consent, except as necessary to comply with legal obligations or protect our rights.<\/p>\t\t\t\t\t\t\t\t<\/div>\n\t\t\t\t<\/div>\n\t\t\t\t<div class=\"elementor-element elementor-element-8e1d721 elementor-widget elementor-widget-heading\" data-id=\"8e1d721\" data-element_type=\"widget\" data-widget_type=\"heading.default\">\n\t\t\t\t<div class=\"elementor-widget-container\">\n\t\t\t\t\t<h3 class=\"elementor-heading-title elementor-size-default\">Information security<\/h3>\t\t\t\t<\/div>\n\t\t\t\t<\/div>\n\t\t\t\t<div class=\"elementor-element elementor-element-4967a2c elementor-widget elementor-widget-text-editor\" data-id=\"4967a2c\" data-element_type=\"widget\" data-widget_type=\"text-editor.default\">\n\t\t\t\t<div class=\"elementor-widget-container\">\n\t\t\t\t\t\t\t\t\t<p>IngeSaenz Developer implements security measures to protect your personal information against unauthorized access, misuse or disclosure.<\/p>\t\t\t\t\t\t\t\t<\/div>\n\t\t\t\t<\/div>\n\t\t\t\t<div class=\"elementor-element elementor-element-99ef0fb elementor-widget elementor-widget-heading\" data-id=\"99ef0fb\" data-element_type=\"widget\" data-widget_type=\"heading.default\">\n\t\t\t\t<div class=\"elementor-widget-container\">\n\t\t\t\t\t<h3 class=\"elementor-heading-title elementor-size-default\">Your Rights<\/h3>\t\t\t\t<\/div>\n\t\t\t\t<\/div>\n\t\t\t\t<div class=\"elementor-element elementor-element-74c8ba1 elementor-widget elementor-widget-text-editor\" data-id=\"74c8ba1\" data-element_type=\"widget\" data-widget_type=\"text-editor.default\">\n\t\t\t\t<div class=\"elementor-widget-container\">\n\t\t\t\t\t\t\t\t\t<p>You have the right to access, correct, or delete your personal information at any time. You can also oppose the processing of your personal data, as well as to request the portability of the same.<\/p>\t\t\t\t\t\t\t\t<\/div>\n\t\t\t\t<\/div>\n\t\t\t\t<div class=\"elementor-element elementor-element-f0de840 elementor-widget elementor-widget-heading\" data-id=\"f0de840\" data-element_type=\"widget\" data-widget_type=\"heading.default\">\n\t\t\t\t<div class=\"elementor-widget-container\">\n\t\t\t\t\t<h3 class=\"elementor-heading-title elementor-size-default\">Contact<\/h3>\t\t\t\t<\/div>\n\t\t\t\t<\/div>\n\t\t\t\t<div class=\"elementor-element elementor-element-f9a38ec elementor-widget elementor-widget-text-editor\" data-id=\"f9a38ec\" data-element_type=\"widget\" data-widget_type=\"text-editor.default\">\n\t\t\t\t<div class=\"elementor-widget-container\">\n\t\t\t\t\t\t\t\t\t<div class=\"elementor-element elementor-element-e6100bf elementor-widget elementor-widget-text-editor\" data-id=\"e6100bf\" data-element_type=\"widget\" data-widget_type=\"text-editor.default\"><div class=\"elementor-widget-container\"><span style=\"font-size: 1rem;\">If you have any questions about this privacy notice, how we treat your personal information, or you wish to exercise your rights, please contact us through our institutional e-mail.<\/span><\/div><\/div><div class=\"elementor-element elementor-element-442f509 elementor-widget elementor-widget-text-editor\" data-id=\"442f509\" data-element_type=\"widget\" data-widget_type=\"text-editor.default\"><div class=\"elementor-widget-container\"><p>By providing us with your personal data, you acknowledge that you have read and understood this privacy notice, and you agree that IngeSaenz Developer to use it as described.<\/p><p>Date of last update: July 18, 2024<\/p><p><i>IngeSaenz Developer<\/i><\/p><\/div><\/div>\t\t\t\t\t\t\t\t<\/div>\n\t\t\t\t<\/div>\n\t\t\t\t\t<\/div>\n\t\t<\/div>\n\t\t\t\t\t<\/div>\n\t\t<\/section>\n\t\t\t\t<\/div>","protected":false},"excerpt":{"rendered":"<p>Aviso de privacidad y pol\u00edticas de tratamiento de datos Agradecemos tu inter\u00e9s en nuestros productos y servicios. En IngeSaenz Desarrolladora, nos tomamos en serio la protecci\u00f3n de tu privacidad. Este aviso describe c\u00f3mo recopilamos, utilizamos y protegemos tu informaci\u00f3n personal. Recopilaci\u00f3n y Uso de la Informaci\u00f3n Personal Al proporcionar tus datos personales a IngeSaenz Desarrolladora, [&hellip;]<\/p>","protected":false},"author":1,"featured_media":0,"parent":0,"menu_order":0,"comment_status":"closed","ping_status":"closed","template":"elementor_header_footer","meta":{"_acf_changed":false,"inline_featured_image":false,"footnotes":""},"class_list":["post-1293","page","type-page","status-publish","hentry"],"acf":[],"aioseo_notices":[],"_links":{"self":[{"href":"https:\/\/oceanicartagena.com\/en\/wp-json\/wp\/v2\/pages\/1293","targetHints":{"allow":["GET"]}}],"collection":[{"href":"https:\/\/oceanicartagena.com\/en\/wp-json\/wp\/v2\/pages"}],"about":[{"href":"https:\/\/oceanicartagena.com\/en\/wp-json\/wp\/v2\/types\/page"}],"author":[{"embeddable":true,"href":"https:\/\/oceanicartagena.com\/en\/wp-json\/wp\/v2\/users\/1"}],"replies":[{"embeddable":true,"href":"https:\/\/oceanicartagena.com\/en\/wp-json\/wp\/v2\/comments?post=1293"}],"version-history":[{"count":53,"href":"https:\/\/oceanicartagena.com\/en\/wp-json\/wp\/v2\/pages\/1293\/revisions"}],"predecessor-version":[{"id":1352,"href":"https:\/\/oceanicartagena.com\/en\/wp-json\/wp\/v2\/pages\/1293\/revisions\/1352"}],"wp:attachment":[{"href":"https:\/\/oceanicartagena.com\/en\/wp-json\/wp\/v2\/media?parent=1293"}],"curies":[{"name":"wp","href":"https:\/\/api.w.org\/{rel}","templated":true}]}}